{"id":1408,"date":"2020-09-01T00:30:44","date_gmt":"2020-09-01T00:30:44","guid":{"rendered":"https:\/\/www.collegemoneymethod.com\/?page_id=1408"},"modified":"2024-09-20T13:57:34","modified_gmt":"2024-09-20T13:57:34","slug":"contact-me","status":"publish","type":"page","link":"https:\/\/www.collegemoneymethod.com\/es\/contact-me\/","title":{"rendered":"Cont\u00e1ctame"},"content":{"rendered":"<div class=\"wp-block-getwid-section alignwide getwid-margin-bottom-large getwid-margin-tablet-bottom-large getwid-margin-mobile-bottom-large getwid-section-content-custom-width\"><div class=\"wp-block-getwid-section__wrapper getwid-padding-left-large getwid-padding-right-large getwid-margin-left-large getwid-margin-right-large getwid-margin-tablet-left-none getwid-margin-tablet-right-none getwid-margin-mobile-left-none getwid-margin-mobile-right-none getwid-align-items-tablet-flex-end getwid-align-items-mobile-flex-end getwid-justify-content-flex-start getwid-justify-content-tablet-flex-start getwid-justify-content-mobile-flex-start\" style=\"min-height:300px\"><div class=\"wp-block-getwid-section__inner-wrapper\" style=\"max-width:525px\"><div class=\"wp-block-getwid-section__background-holder\"><div class=\"wp-block-getwid-section__background\" style=\"background-image:url('https:\/\/www.collegemoneymethod.com\/wp-content\/uploads\/2020\/09\/buildings.jpg');background-position:center center\"><div class=\"wp-block-getwid-section__background-image-wrapper\"><img decoding=\"async\" class=\"wp-block-getwid-section__background-image\" src=\"https:\/\/www.collegemoneymethod.com\/wp-content\/uploads\/2020\/09\/buildings.jpg\" alt=\"\"\/><\/div><\/div><div class=\"wp-block-getwid-section__foreground\" style=\"opacity:0.2;background-image:linear-gradient(135deg,rgb(255,245,203) 0%,rgb(182,227,212) 50%,rgb(51,167,181) 100%);mix-blend-mode:darken\"><\/div><\/div><div class=\"wp-block-getwid-section__content\"><div class=\"wp-block-getwid-section__inner-content\">\n<div class=\"wp-block-getwid-advanced-heading has-custom-font-size fs-mobile-70\" style=\"font-size:40px\"><span class=\"wp-block-getwid-advanced-heading__content has-text-color has-light-blue-color\" style=\"font-family:&quot;Poppins&quot;;font-weight:500;line-height:45px\">Hablemos de <br>Haciendo tu <br>sue\u00f1o universitario asequible<\/span><\/div>\n<\/div><\/div><\/div><\/div><\/div>\n\n\n\n<h3 class=\"wp-block-heading has-primary-color has-text-color\">Estoy aqu\u00ed para ayudar\u2026<\/h3>\n\n\n\n<p>Mi misi\u00f3n es trabajar con escuelas, estudiantes y familias de todos los or\u00edgenes econ\u00f3micos para hacer posible el sue\u00f1o universitario. <\/p>\n\n\n<div class=\"wpforms-container wpforms-container-full wpforms-block wpforms-block-70bbf5ee-1bde-4cdb-af7c-cf3cb71c43b0\" id=\"wpforms-1517\"><form id=\"wpforms-form-1517\" class=\"wpforms-validate wpforms-form\" data-formid=\"1517\" method=\"post\" enctype=\"multipart\/form-data\" action=\"\/es\/wp-json\/wp\/v2\/pages\/1408\" data-token=\"e82a0281494456fd0e130416a3b4856b\" data-token-time=\"1776577563\" data-trp-original-action=\"\/es\/wp-json\/wp\/v2\/pages\/1408\"><noscript class=\"wpforms-error-noscript\">Habilite JavaScript en su navegador para completar este formulario.<\/noscript><div class=\"wpforms-field-container\"><div id=\"wpforms-1517-field_0-container\" class=\"wpforms-field wpforms-field-name\" data-field-id=\"0\"><label class=\"wpforms-field-label\">Nombre <span class=\"wpforms-required-label\">*<\/span><\/label><div class=\"wpforms-field-row wpforms-field-medium\"><div class=\"wpforms-field-row-block wpforms-first wpforms-one-half\"><input type=\"text\" id=\"wpforms-1517-field_0\" class=\"wpforms-field-name-first wpforms-field-required\" name=\"wpforms[fields][0][first]\" required><label for=\"wpforms-1517-field_0\" class=\"wpforms-field-sublabel after\">Primero<\/label><\/div><div class=\"wpforms-field-row-block wpforms-one-half\"><input type=\"text\" id=\"wpforms-1517-field_0-last\" class=\"wpforms-field-name-last wpforms-field-required\" name=\"wpforms[fields][0][last]\" required><label for=\"wpforms-1517-field_0-last\" class=\"wpforms-field-sublabel after\">\u00daltimo<\/label><\/div><\/div><\/div><div id=\"wpforms-1517-field_1-container\" class=\"wpforms-field wpforms-field-email\" data-field-id=\"1\"><label class=\"wpforms-field-label\" for=\"wpforms-1517-field_1\">Correo electr\u00f3nico <span class=\"wpforms-required-label\">*<\/span><\/label><input type=\"email\" id=\"wpforms-1517-field_1\" class=\"wpforms-field-medium wpforms-field-required\" name=\"wpforms[fields][1]\" spellcheck=\"false\" required><\/div><div id=\"wpforms-1517-field_9-container\" class=\"wpforms-field wpforms-field-text\" data-field-id=\"9\"><label class=\"wpforms-field-label\" for=\"wpforms-1517-field_9\">N\u00famero de tel\u00e9fono<\/label><input type=\"text\" id=\"wpforms-1517-field_9\" class=\"wpforms-field-medium\" name=\"wpforms[fields][9]\" ><\/div><div id=\"wpforms-1517-field_7-container\" class=\"wpforms-field wpforms-field-select wpforms-field-select-style-classic\" data-field-id=\"7\"><label class=\"wpforms-field-label\" for=\"wpforms-1517-field_7\">Yo soy un\u2026 <span class=\"wpforms-required-label\">*<\/span><\/label><select id=\"wpforms-1517-field_7\" class=\"wpforms-field-medium wpforms-field-required\" name=\"wpforms[fields][7]\" required=\"required\"><option value=\"Student\"  class=\"choice-1 depth-1\"  >Alumno<\/option><option value=\"Parent\"  class=\"choice-2 depth-1\"  >Padre<\/option><option value=\"Counselor\"  class=\"choice-3 depth-1\"  >Consejero<\/option><\/select><\/div><div id=\"wpforms-1517-field_13-container\" class=\"wpforms-field wpforms-field-text\" data-field-id=\"13\"><label class=\"wpforms-field-label\" for=\"wpforms-1517-field_13\">\u00bfA qu\u00e9 escuela asociada asiste el estudiante? <span class=\"wpforms-required-label\">*<\/span><\/label><input type=\"text\" id=\"wpforms-1517-field_13\" class=\"wpforms-field-medium wpforms-field-required\" name=\"wpforms[fields][13]\" required><\/div><div id=\"wpforms-1517-field_8-container\" class=\"wpforms-field wpforms-field-select wpforms-field-select-style-classic\" data-field-id=\"8\"><label class=\"wpforms-field-label\" for=\"wpforms-1517-field_8\">A\u00f1o de graduaci\u00f3n de la escuela secundaria <span class=\"wpforms-required-label\">*<\/span><\/label><select id=\"wpforms-1517-field_8\" class=\"wpforms-field-medium wpforms-field-required\" name=\"wpforms[fields][8]\" required=\"required\"><option value=\"2026\"  class=\"choice-2 depth-1\"  >2026<\/option><option value=\"2027\"  class=\"choice-3 depth-1\"  >2027<\/option><option value=\"2028\"  class=\"choice-4 depth-1\"  >2028<\/option><option value=\"2029 or after\"  class=\"choice-5 depth-1\"  >2029 o despu\u00e9s<\/option><\/select><\/div><div id=\"wpforms-1517-field_2-container\" class=\"wpforms-field wpforms-field-textarea\" data-field-id=\"2\"><label class=\"wpforms-field-label\" for=\"wpforms-1517-field_2\">Cu\u00e9ntame m\u00e1s sobre c\u00f3mo puedo ayudarte\u2026 <span class=\"wpforms-required-label\">*<\/span><\/label><textarea id=\"wpforms-1517-field_2\" class=\"wpforms-field-medium wpforms-field-required\" name=\"wpforms[fields][2]\" required><\/textarea><\/div><\/div><!-- .wpforms-field-container --><div class=\"wpforms-recaptcha-container wpforms-is-recaptcha wpforms-is-recaptcha-type-invisible\" ><div class=\"g-recaptcha\" data-sitekey=\"6LfbM1QgAAAAALvOoyDeWglyax3XW6IOBjG88F9-\" data-size=\"invisible\"><\/div><\/div><div class=\"wpforms-submit-container\" ><input type=\"hidden\" name=\"wpforms[id]\" value=\"1517\"><input type=\"hidden\" name=\"page_title\" value=\"\"><input type=\"hidden\" name=\"page_url\" value=\"https:\/\/www.collegemoneymethod.com\/es\/wp-json\/wp\/v2\/pages\/1408\"><input type=\"hidden\" name=\"url_referer\" value=\"\"><button type=\"submit\" name=\"wpforms[submit]\" id=\"wpforms-submit-1517\" class=\"wpforms-submit\" data-alt-text=\"Sending...\" data-submit-text=\"Submit\" aria-live=\"assertive\" value=\"wpforms-submit\">Entregar<\/button><\/div><input type=\"hidden\" name=\"trp-form-language\" value=\"es\"\/><\/form><\/div>  <!-- .wpforms-container -->\n\n\n<div class=\"wp-block-group\"><div class=\"wp-block-group__inner-container is-layout-constrained wp-block-group-is-layout-constrained\">\n<hr class=\"wp-block-separator has-text-color has-primary-color has-css-opacity has-primary-background-color has-background is-style-wide\"\/>\n\n\n\n<h3 class=\"wp-block-heading has-primary-color has-text-color\">Un poco m\u00e1s sobre m\u00ed\u2026<\/h3>\n\n\n\n<div class=\"wp-block-getwid-image-box has-image-left has-text-center has-mobile-layout-default has-mobile-alignment-default\"><div class=\"wp-block-getwid-image-box__image-container is-position-top\"><div class=\"wp-block-getwid-image-box__image-wrapper\"><img fetchpriority=\"high\" decoding=\"async\" width=\"254\" height=\"300\" src=\"https:\/\/www.collegemoneymethod.com\/wp-content\/uploads\/2020\/09\/Graduation-1990-crop-254x300.jpeg\" class=\"wp-block-getwid-image-box__image wp-image-1453\" srcset=\"https:\/\/www.collegemoneymethod.com\/wp-content\/uploads\/2020\/09\/Graduation-1990-crop-254x300.jpeg 254w, https:\/\/www.collegemoneymethod.com\/wp-content\/uploads\/2020\/09\/Graduation-1990-crop-869x1024.jpeg 869w, https:\/\/www.collegemoneymethod.com\/wp-content\/uploads\/2020\/09\/Graduation-1990-crop-768x906.jpeg 768w, https:\/\/www.collegemoneymethod.com\/wp-content\/uploads\/2020\/09\/Graduation-1990-crop.jpeg 916w\" sizes=\"(max-width: 254px) 100vw, 254px\" \/><\/div><\/div><div class=\"wp-block-getwid-image-box__content\">\n<h3 class=\"wp-block-heading has-primary-color has-text-color\">Creciendo<\/h3>\n\n\n\n<p class=\"has-text-align-left\">Soy la primera de mi familia en graduarme de la universidad y tuve que resolver por mi cuenta todo el proceso de solicitud y ayuda financiera. Asist\u00ed a una escuela p\u00fablica diversa en el cuarto distrito escolar m\u00e1s grande del pa\u00eds (Miami-Dade, Florida), con un solo consejero universitario para m\u00e1s de 750 estudiantes de \u00faltimo a\u00f1o. Como me considero un nerd, investigu\u00e9 y cre\u00e9 las hojas de c\u00e1lculo para acceder a la ayuda financiera y poder alcanzar mi sue\u00f1o universitario.<\/p>\n<\/div><\/div>\n\n\n\n<h3 class=\"wp-block-heading has-text-align-center has-primary-color has-text-color\">Carrera<\/h3>\n\n\n\n<p>Despu\u00e9s de graduarme de Harvard College, complet\u00e9 mi maestr\u00eda en el MIT y lanc\u00e9 una empresa nueva llamada <em>Campus com\u00fan<\/em>, recopilando datos de ayuda financiera de universidades estadounidenses y poni\u00e9ndolos a disposici\u00f3n de los orientadores de escuelas secundarias de todo el pa\u00eds. Ahora, estoy llevando esa informaci\u00f3n directamente a los estudiantes y sus familias. <\/p>\n\n\n\n<p>Trabajo con 110 escuelas independientes en todo el pa\u00eds para ofrecer una <a href=\"https:\/\/www.collegemoneymethod.com\/es\/high-school-curriculum\/\" target=\"_blank\" rel=\"noreferrer noopener\">plan de estudios integral de finanzas universitarias<\/a> y asesoramiento individual a estudiantes de diversos or\u00edgenes econ\u00f3micos. Me desempe\u00f1o como asesor de los distritos escolares de Miami-Dade y Broward, los tres m\u00e1s importantes del pa\u00eds.<sup>el<\/sup> y 6<sup>el<\/sup> m\u00e1s grande, respectivamente, sobre c\u00f3mo apoyar a los estudiantes a trav\u00e9s del proceso de ayuda financiera, incluida la capacitaci\u00f3n a nivel de distrito para consejeros y talleres para estudiantes.<\/p>\n\n\n\n<p>Como parte de mi compromiso de tener informaci\u00f3n y recursos actuales y precisos para el proceso de ayuda financiera, asisto a la conferencia anual de la <a href=\"http:\/\/www.nasfaa.org\/\" target=\"_blank\" rel=\"noreferrer noopener\">Asociaci\u00f3n Nacional de Administradores de Ayuda Financiera para Estudiantes<\/a> (NASFAA). Tambi\u00e9n participo en capacitaciones continuas y en la reuni\u00f3n anual que ofrece el Departamento de Educaci\u00f3n de EE. UU. para la Ayuda Federal para Estudiantes. Soy miembro de la <a href=\"https:\/\/www.sasfaa.org\/\" target=\"_blank\" rel=\"noreferrer noopener\">Asociaci\u00f3n del Sur de Administradores de Ayuda Financiera para Estudiantes<\/a> (SASFAA) y la <a href=\"https:\/\/www.nacacnet.org\/\" data-type=\"link\" data-id=\"https:\/\/www.nacacnet.org\/\" target=\"_blank\" rel=\"noreferrer noopener\">Asociaci\u00f3n Nacional de Asesoramiento de Admisi\u00f3n Universitaria<\/a> (NACAC).<\/p>\n\n\n\n<h3 class=\"wp-block-heading has-text-align-center has-primary-color has-text-color\">Voluntario<\/h3>\n\n\n\n<p>Soy voluntario como asesor de ayuda financiera con <a rel=\"noreferrer noopener\" href=\"https:\/\/www.pathtocollege.org\/about-landing\" target=\"_blank\">Camino a la universidad<\/a>, una organizaci\u00f3n comunitaria del sur de Florida que ayuda a los estudiantes que son los primeros en sus familias en asistir a la universidad a trav\u00e9s de un programa integral de desarrollo de liderazgo. <\/p>\n\n\n\n<p>Me involucro profundamente con los estudiantes de primera generaci\u00f3n en mis alma m\u00e1teres, como mentor y asesor financiero. S\u00e9 lo importante que es para ellos tener modelos a seguir que les gu\u00eden en el camino hacia el \u00e9xito universitario y una vida llena de oportunidades.&nbsp; <\/p>\n\n\n\n<p>Anteriormente fui presidente de la Primera Generaci\u00f3n de Exalumnos de Harvard y soy el fundador de la Primera Generaci\u00f3n de Exalumnos del MIT. En ambos puestos de liderazgo, colaboro con las organizaciones del campus, incluyendo Admisiones y Ayuda Financiera, para promover el bienestar financiero de los estudiantes de primera generaci\u00f3n.&nbsp; <\/p>\n<\/div><\/div>","protected":false},"excerpt":{"rendered":"<p>Estoy aqu\u00ed para ayudar\u2026 Mi misi\u00f3n es trabajar con escuelas, estudiantes y familias de todos los niveles econ\u00f3micos para que puedan alcanzar el sue\u00f1o universitario. Un poco [\u2026]<\/p>","protected":false},"author":1,"featured_media":0,"parent":0,"menu_order":49,"comment_status":"closed","ping_status":"closed","template":"template-front-page.php","meta":{"_acf_changed":false,"footnotes":"","_links_to":"","_links_to_target":""},"categories":[],"tags":[],"class_list":["post-1408","page","type-page","status-publish","hentry"],"acf":[],"_links":{"self":[{"href":"https:\/\/www.collegemoneymethod.com\/es\/wp-json\/wp\/v2\/pages\/1408","targetHints":{"allow":["GET"]}}],"collection":[{"href":"https:\/\/www.collegemoneymethod.com\/es\/wp-json\/wp\/v2\/pages"}],"about":[{"href":"https:\/\/www.collegemoneymethod.com\/es\/wp-json\/wp\/v2\/types\/page"}],"author":[{"embeddable":true,"href":"https:\/\/www.collegemoneymethod.com\/es\/wp-json\/wp\/v2\/users\/1"}],"replies":[{"embeddable":true,"href":"https:\/\/www.collegemoneymethod.com\/es\/wp-json\/wp\/v2\/comments?post=1408"}],"version-history":[{"count":12,"href":"https:\/\/www.collegemoneymethod.com\/es\/wp-json\/wp\/v2\/pages\/1408\/revisions"}],"predecessor-version":[{"id":9231,"href":"https:\/\/www.collegemoneymethod.com\/es\/wp-json\/wp\/v2\/pages\/1408\/revisions\/9231"}],"wp:attachment":[{"href":"https:\/\/www.collegemoneymethod.com\/es\/wp-json\/wp\/v2\/media?parent=1408"}],"wp:term":[{"taxonomy":"category","embeddable":true,"href":"https:\/\/www.collegemoneymethod.com\/es\/wp-json\/wp\/v2\/categories?post=1408"},{"taxonomy":"post_tag","embeddable":true,"href":"https:\/\/www.collegemoneymethod.com\/es\/wp-json\/wp\/v2\/tags?post=1408"}],"curies":[{"name":"gracias","href":"https:\/\/api.w.org\/{rel}","templated":true}]}}