{"id":1552,"date":"2020-09-10T19:31:31","date_gmt":"2020-09-10T19:31:31","guid":{"rendered":"https:\/\/www.collegemoneymethod.com\/?page_id=1552"},"modified":"2025-09-08T14:19:40","modified_gmt":"2025-09-08T14:19:40","slug":"who-i-work-with","status":"publish","type":"page","link":"https:\/\/www.collegemoneymethod.com\/es\/who-i-work-with\/","title":{"rendered":"A qui\u00e9n sirvo"},"content":{"rendered":"<div class=\"wp-block-getwid-section alignwide has-inner-blocks-gap-medium getwid-anim fadeIn getwid-margin-tablet-bottom-large getwid-margin-mobile-bottom-large getwid-section-content-custom-width\" data-wow-duration=\"800ms\" data-wow-delay=\"50ms\"><div class=\"wp-block-getwid-section__wrapper getwid-padding-left-large getwid-padding-tablet-left-none getwid-padding-mobile-left-small getwid-margin-left-large getwid-margin-right-large getwid-margin-tablet-left-none getwid-margin-tablet-right-none getwid-margin-mobile-left-none getwid-margin-mobile-right-none getwid-align-items-tablet-flex-end getwid-align-items-mobile-flex-end getwid-justify-content-flex-start getwid-justify-content-tablet-flex-start getwid-justify-content-mobile-flex-start\" style=\"min-height:450px\"><div class=\"wp-block-getwid-section__inner-wrapper\" style=\"max-width:525px\"><div class=\"wp-block-getwid-section__background-holder\"><div class=\"wp-block-getwid-section__background\"><div class=\"wp-block-getwid-section__background-slider-wrapper\"><div class=\"wp-block-getwid-section__background-slider\" data-autoplay=\"true\" data-autoplay-speed=\"1500\" data-slide-effect=\"fade\" data-slide-speed=\"1500\" data-infinite=\"true\"><div class=\"wp-block-getwid-section__background-slider-item\"><img fetchpriority=\"high\" decoding=\"async\" width=\"2560\" height=\"1793\" src=\"https:\/\/www.collegemoneymethod.com\/wp-content\/uploads\/2020\/09\/New-scaled.jpeg\" class=\"wp-image-1556\" alt=\"\" data-id=\"1556\" srcset=\"https:\/\/www.collegemoneymethod.com\/wp-content\/uploads\/2020\/09\/New-scaled.jpeg 2560w, https:\/\/www.collegemoneymethod.com\/wp-content\/uploads\/2020\/09\/New-300x210.jpeg 300w, https:\/\/www.collegemoneymethod.com\/wp-content\/uploads\/2020\/09\/New-1024x717.jpeg 1024w, https:\/\/www.collegemoneymethod.com\/wp-content\/uploads\/2020\/09\/New-768x538.jpeg 768w, https:\/\/www.collegemoneymethod.com\/wp-content\/uploads\/2020\/09\/New-1536x1076.jpeg 1536w, https:\/\/www.collegemoneymethod.com\/wp-content\/uploads\/2020\/09\/New-2048x1435.jpeg 2048w, https:\/\/www.collegemoneymethod.com\/wp-content\/uploads\/2020\/09\/New-938x657.jpeg 938w, https:\/\/www.collegemoneymethod.com\/wp-content\/uploads\/2020\/09\/New-1130x792.jpeg 1130w\" sizes=\"(max-width: 2560px) 100vw, 2560px\" \/><\/div><div class=\"wp-block-getwid-section__background-slider-item\"><img decoding=\"async\" width=\"2560\" height=\"1920\" src=\"https:\/\/www.collegemoneymethod.com\/wp-content\/uploads\/2020\/09\/eye-for-ebony-jg_t3PBq5Jo-unsplash-scaled.jpg\" class=\"wp-image-1561\" alt=\"\" data-id=\"1561\" srcset=\"https:\/\/www.collegemoneymethod.com\/wp-content\/uploads\/2020\/09\/eye-for-ebony-jg_t3PBq5Jo-unsplash-scaled.jpg 2560w, https:\/\/www.collegemoneymethod.com\/wp-content\/uploads\/2020\/09\/eye-for-ebony-jg_t3PBq5Jo-unsplash-300x225.jpg 300w, https:\/\/www.collegemoneymethod.com\/wp-content\/uploads\/2020\/09\/eye-for-ebony-jg_t3PBq5Jo-unsplash-1024x768.jpg 1024w, https:\/\/www.collegemoneymethod.com\/wp-content\/uploads\/2020\/09\/eye-for-ebony-jg_t3PBq5Jo-unsplash-768x576.jpg 768w, https:\/\/www.collegemoneymethod.com\/wp-content\/uploads\/2020\/09\/eye-for-ebony-jg_t3PBq5Jo-unsplash-1536x1152.jpg 1536w, https:\/\/www.collegemoneymethod.com\/wp-content\/uploads\/2020\/09\/eye-for-ebony-jg_t3PBq5Jo-unsplash-2048x1536.jpg 2048w, https:\/\/www.collegemoneymethod.com\/wp-content\/uploads\/2020\/09\/eye-for-ebony-jg_t3PBq5Jo-unsplash-938x704.jpg 938w, https:\/\/www.collegemoneymethod.com\/wp-content\/uploads\/2020\/09\/eye-for-ebony-jg_t3PBq5Jo-unsplash-1130x848.jpg 1130w\" sizes=\"(max-width: 2560px) 100vw, 2560px\" \/><\/div><\/div><\/div><\/div><div class=\"wp-block-getwid-section__foreground\" style=\"opacity:0.35;background-image:linear-gradient(135deg,rgb(255,245,203) 0%,rgb(182,227,212) 50%,rgb(51,167,181) 100%);mix-blend-mode:saturation\"><\/div><\/div><div class=\"wp-block-getwid-section__content\"><div class=\"wp-block-getwid-section__inner-content\"><\/div><\/div><\/div><\/div><\/div>\n\n\n\n<div class=\"wp-block-getwid-section alignfull alignfull\"><div class=\"wp-block-getwid-section__wrapper getwid-padding-bottom-none getwid-padding-tablet-bottom-none getwid-padding-mobile-bottom-none\"><div class=\"wp-block-getwid-section__inner-wrapper\"><div class=\"wp-block-getwid-section__background-holder\"><div class=\"wp-block-getwid-section__background\"><\/div><div class=\"wp-block-getwid-section__foreground\"><\/div><\/div><div class=\"wp-block-getwid-section__content\"><div class=\"wp-block-getwid-section__inner-content\">\n<p id=\"eba3660eb144\" style=\"font-size:30px\">Cada familia es \u00fanica y merece un enfoque individualizado en el proceso de ayuda financiera.<\/p>\n\n\n\n<p class=\"has-medium-font-size\">Aporto la pr\u00e1ctica de la planificaci\u00f3n financiera al proceso de solicitud de ayuda financiera universitaria para brindar asesoramiento objetivo centrado en el bienestar financiero general de la familia. A trav\u00e9s de mi contenido y recursos, ayudo a las familias a crear un plan viable para el aspecto financiero de la universidad, a la vez que se mantienen al d\u00eda con sus dem\u00e1s objetivos financieros.<\/p>\n<\/div><\/div><\/div><\/div><\/div>\n\n\n\n<hr class=\"wp-block-separator has-alpha-channel-opacity has-text-color has-background has-primary-background-color has-primary-color is-style-wide\" id=\"families\"\/>\n\n\n\n<h2 class=\"wp-block-heading has-primary-color has-text-color\">Creo un plan financiero para la universidad pensado para tu familia\u2026<\/h2>\n\n\n\n<div class=\"wp-block-getwid-image-box has-image-left has-text-center has-mobile-layout-column has-mobile-alignment-center\"><div class=\"wp-block-getwid-image-box__image-container is-position-middle\"><div class=\"wp-block-getwid-image-box__image-wrapper\"><img decoding=\"async\" width=\"300\" height=\"300\" src=\"https:\/\/www.collegemoneymethod.com\/wp-content\/uploads\/2020\/09\/Dual-Income-Image-300x300.png\" class=\"wp-block-getwid-image-box__image wp-image-1562\" srcset=\"https:\/\/www.collegemoneymethod.com\/wp-content\/uploads\/2020\/09\/Dual-Income-Image-300x300.png 300w, https:\/\/www.collegemoneymethod.com\/wp-content\/uploads\/2020\/09\/Dual-Income-Image-150x150.png 150w, https:\/\/www.collegemoneymethod.com\/wp-content\/uploads\/2020\/09\/Dual-Income-Image.png 500w\" sizes=\"(max-width: 300px) 100vw, 300px\" \/><\/div><\/div><div class=\"wp-block-getwid-image-box__content\">\n<h3 class=\"wp-block-heading has-text-align-left has-primary-color has-text-color\">Familia con dos ingresos<\/h3>\n\n\n\n<p class=\"has-text-align-left has-medium-font-size\">La mayor\u00eda de las familias comienzan con la pregunta: &quot;\u00bfCon nuestros ingresos, c\u00f3mo podemos calificar para recibir ayuda financiera?&quot;. Les comparto informaci\u00f3n privilegiada sobre c\u00f3mo las universidades contabilizan los ingresos y los activos, y los gu\u00edo en el proceso para obtener m\u00e1s ayuda y reducir el costo de sus estudios universitarios.<\/p>\n<\/div><\/div>\n\n\n\n<div class=\"wp-block-getwid-image-box has-image-right has-text-center has-mobile-layout-column has-mobile-alignment-default\"><div class=\"wp-block-getwid-image-box__image-container is-position-middle\"><div class=\"wp-block-getwid-image-box__image-wrapper\"><img loading=\"lazy\" decoding=\"async\" width=\"300\" height=\"300\" src=\"https:\/\/www.collegemoneymethod.com\/wp-content\/uploads\/2020\/09\/single-Parent-300x300.png\" class=\"wp-block-getwid-image-box__image wp-image-1564\" srcset=\"https:\/\/www.collegemoneymethod.com\/wp-content\/uploads\/2020\/09\/single-Parent-300x300.png 300w, https:\/\/www.collegemoneymethod.com\/wp-content\/uploads\/2020\/09\/single-Parent-150x150.png 150w, https:\/\/www.collegemoneymethod.com\/wp-content\/uploads\/2020\/09\/single-Parent.png 500w\" sizes=\"(max-width: 300px) 100vw, 300px\" \/><\/div><\/div><div class=\"wp-block-getwid-image-box__content\">\n<h3 class=\"wp-block-heading has-text-align-left has-primary-color has-text-color\">Padre o madre soltero\/a<\/h3>\n\n\n\n<p class=\"has-text-align-left has-medium-font-size\">El proceso de ayuda financiera es especialmente dif\u00edcil cuando lo haces por tu cuenta. Te gu\u00edo sobre c\u00f3mo funciona el sistema para padres solteros, c\u00f3mo las universidades contabilizan el dinero de un exc\u00f3nyuge o pareja, y qu\u00e9 estrategias te permiten obtener la mayor ayuda financiera seg\u00fan tus ingresos.<\/p>\n<\/div><\/div>\n\n\n\n<div class=\"wp-block-getwid-image-box has-image-left has-text-center has-mobile-layout-column has-mobile-alignment-default\"><div class=\"wp-block-getwid-image-box__image-container is-position-middle\"><div class=\"wp-block-getwid-image-box__image-wrapper\"><img loading=\"lazy\" decoding=\"async\" width=\"300\" height=\"300\" src=\"https:\/\/www.collegemoneymethod.com\/wp-content\/uploads\/2020\/09\/1g3-300x300.png\" class=\"wp-block-getwid-image-box__image wp-image-1569\" srcset=\"https:\/\/www.collegemoneymethod.com\/wp-content\/uploads\/2020\/09\/1g3-300x300.png 300w, https:\/\/www.collegemoneymethod.com\/wp-content\/uploads\/2020\/09\/1g3-150x150.png 150w, https:\/\/www.collegemoneymethod.com\/wp-content\/uploads\/2020\/09\/1g3.png 500w\" sizes=\"(max-width: 300px) 100vw, 300px\" \/><\/div><\/div><div class=\"wp-block-getwid-image-box__content\">\n<h3 class=\"wp-block-heading has-text-align-left has-primary-color has-text-color\">Familia de primera generaci\u00f3n<\/h3>\n\n\n\n<p class=\"has-text-align-left has-medium-font-size\">Pasar por el proceso de ayuda financiera por primera vez es especialmente dif\u00edcil. Los nuevos t\u00e9rminos y las preguntas detalladas sobre finanzas pueden hacerte sentir desprevenido. He pasado por eso y te brindo apoyo paso a paso para que puedas alcanzar el sue\u00f1o de tu familia de ir a la universidad.<\/p>\n<\/div><\/div>\n\n\n\n<h2 class=\"wp-block-heading has-text-align-left has-primary-color has-text-color\" id=\"120b6efa6c61\">Empezamos desde el principio en la escuela secundaria\u2026<\/h2>\n\n\n\n<div class=\"wp-block-getwid-image-box has-image-left has-text-center has-mobile-layout-column has-mobile-alignment-center\"><div class=\"wp-block-getwid-image-box__image-container is-position-middle\"><div class=\"wp-block-getwid-image-box__image-wrapper\"><img loading=\"lazy\" decoding=\"async\" width=\"300\" height=\"300\" src=\"https:\/\/www.collegemoneymethod.com\/wp-content\/uploads\/2020\/08\/Compare-new-300x300.png\" class=\"wp-block-getwid-image-box__image wp-image-1356\" srcset=\"https:\/\/www.collegemoneymethod.com\/wp-content\/uploads\/2020\/08\/Compare-new-300x300.png 300w, https:\/\/www.collegemoneymethod.com\/wp-content\/uploads\/2020\/08\/Compare-new-1024x1024.png 1024w, https:\/\/www.collegemoneymethod.com\/wp-content\/uploads\/2020\/08\/Compare-new-150x150.png 150w, https:\/\/www.collegemoneymethod.com\/wp-content\/uploads\/2020\/08\/Compare-new-768x768.png 768w, https:\/\/www.collegemoneymethod.com\/wp-content\/uploads\/2020\/08\/Compare-new-938x938.png 938w, https:\/\/www.collegemoneymethod.com\/wp-content\/uploads\/2020\/08\/Compare-new.png 1080w\" sizes=\"(max-width: 300px) 100vw, 300px\" \/><\/div><\/div><div class=\"wp-block-getwid-image-box__content\">\n<p class=\"has-text-align-left has-medium-font-size\">El comienzo de la preparatoria es el momento en que la mayor\u00eda de las familias realmente piensan en costear la universidad. No tienes que sentirte retrasado; no lo est\u00e1s. Te brindar\u00e9 el marco para planificar con anticipaci\u00f3n, establecer expectativas claras y crear un plan financiero para maximizar tus esfuerzos durante la preparatoria.<\/p>\n<\/div><\/div>\n\n\n\n<hr class=\"wp-block-separator has-text-color has-primary-color has-css-opacity has-primary-background-color has-background is-style-wide\"\/>\n\n\n\n<div class=\"wp-block-getwid-advanced-spacer\" style=\"height:39px\" aria-hidden=\"true\"><\/div>","protected":false},"excerpt":{"rendered":"<p>Creo un plan financiero para la universidad dise\u00f1ado en torno a tu familia\u2026 Comenzamos desde el principio en la escuela secundaria\u2026<\/p>","protected":false},"author":1,"featured_media":0,"parent":0,"menu_order":50,"comment_status":"closed","ping_status":"closed","template":"template-front-page.php","meta":{"_acf_changed":false,"footnotes":"","_links_to":"","_links_to_target":""},"categories":[],"tags":[],"class_list":["post-1552","page","type-page","status-publish","hentry"],"acf":[],"_links":{"self":[{"href":"https:\/\/www.collegemoneymethod.com\/es\/wp-json\/wp\/v2\/pages\/1552","targetHints":{"allow":["GET"]}}],"collection":[{"href":"https:\/\/www.collegemoneymethod.com\/es\/wp-json\/wp\/v2\/pages"}],"about":[{"href":"https:\/\/www.collegemoneymethod.com\/es\/wp-json\/wp\/v2\/types\/page"}],"author":[{"embeddable":true,"href":"https:\/\/www.collegemoneymethod.com\/es\/wp-json\/wp\/v2\/users\/1"}],"replies":[{"embeddable":true,"href":"https:\/\/www.collegemoneymethod.com\/es\/wp-json\/wp\/v2\/comments?post=1552"}],"version-history":[{"count":13,"href":"https:\/\/www.collegemoneymethod.com\/es\/wp-json\/wp\/v2\/pages\/1552\/revisions"}],"predecessor-version":[{"id":11712,"href":"https:\/\/www.collegemoneymethod.com\/es\/wp-json\/wp\/v2\/pages\/1552\/revisions\/11712"}],"wp:attachment":[{"href":"https:\/\/www.collegemoneymethod.com\/es\/wp-json\/wp\/v2\/media?parent=1552"}],"wp:term":[{"taxonomy":"category","embeddable":true,"href":"https:\/\/www.collegemoneymethod.com\/es\/wp-json\/wp\/v2\/categories?post=1552"},{"taxonomy":"post_tag","embeddable":true,"href":"https:\/\/www.collegemoneymethod.com\/es\/wp-json\/wp\/v2\/tags?post=1552"}],"curies":[{"name":"gracias","href":"https:\/\/api.w.org\/{rel}","templated":true}]}}