{"id":1870,"date":"2020-10-12T15:41:53","date_gmt":"2020-10-12T15:41:53","guid":{"rendered":"https:\/\/www.collegemoneymethod.com\/?page_id=1870"},"modified":"2022-09-18T22:42:46","modified_gmt":"2022-09-18T22:42:46","slug":"workshops","status":"publish","type":"page","link":"https:\/\/www.collegemoneymethod.com\/es\/workshops\/","title":{"rendered":"Eventos"},"content":{"rendered":"<div class=\"wp-block-getwid-section alignwide getwid-section-content-custom-width\"><div class=\"wp-block-getwid-section__wrapper getwid-padding-left-large getwid-margin-left-large getwid-margin-right-large getwid-align-items-tablet-flex-end getwid-align-items-mobile-flex-end getwid-justify-content-flex-start getwid-justify-content-tablet-flex-start getwid-justify-content-mobile-flex-start\" style=\"min-height:450px\"><div class=\"wp-block-getwid-section__inner-wrapper\" style=\"max-width:498px\"><div class=\"wp-block-getwid-section__background-holder\"><div class=\"wp-block-getwid-section__background\" style=\"background-image:url('https:\/\/www.collegemoneymethod.com\/wp-content\/uploads\/2021\/09\/Workshop-with-hands-1-scaled.jpeg');background-position:47% 75%\"><div class=\"wp-block-getwid-section__background-image-wrapper\"><img decoding=\"async\" class=\"wp-block-getwid-section__background-image\" src=\"https:\/\/www.collegemoneymethod.com\/wp-content\/uploads\/2021\/09\/Workshop-with-hands-1-scaled.jpeg\" alt=\"\"\/><\/div><\/div><div class=\"wp-block-getwid-section__foreground\" style=\"opacity:0.49;background-image:linear-gradient(135deg,rgb(255,245,203) 0%,rgb(182,227,212) 50%,rgb(51,167,181) 100%);mix-blend-mode:saturation\"><\/div><\/div><div class=\"wp-block-getwid-section__content\"><div class=\"wp-block-getwid-section__inner-content\"><\/div><\/div><\/div><\/div><\/div>\n\n\n\n<h3 class=\"has-primary-color has-text-color wp-block-heading\">College Money Method ofrece talleres que cubren temas cr\u00edticos sobre ayuda financiera personalizados seg\u00fan su situaci\u00f3n familiar. <\/h3>\n\n\n\n<h2 class=\"has-text-align-center has-primary-color has-text-color wp-block-heading\"><strong>Inscr\u00edbete en un taller a continuaci\u00f3n.<\/strong><\/h2>\n\n\n\n<div class=\"wp-block-getwid-advanced-spacer\" style=\"height:83px\" aria-hidden=\"true\"><\/div>\n\n\n\n<div class=\"wp-block-group\"><div class=\"wp-block-group__inner-container is-layout-flow wp-block-group-is-layout-flow\">\n<p>[eventos ordenados por=\u201dfecha_de_inicio_del_evento\u201d orden=\u201dASC\u201d]<\/p>\n<\/div><\/div>\n\n\n\n<hr class=\"wp-block-separator has-text-color has-primary-color has-css-opacity has-primary-background-color has-background is-style-wide\"\/>\n\n\n\n<h3 class=\"has-primary-color has-text-color wp-block-heading\">Talleres personalizados para tu escuela o instituci\u00f3n<\/h3>\n\n\n\n<p class=\"has-medium-font-size\">Colaboro con escuelas y grupos educativos para impartir presentaciones y talleres sobre la asequibilidad de la universidad y la ayuda financiera. Si usted o su grupo est\u00e1n interesados en patrocinar un taller, cont\u00e1ctenos.<\/p>\n\n\n\n<div class=\"wp-block-buttons is-horizontal is-content-justification-center is-layout-flex wp-container-core-buttons-is-layout-499968f5 wp-block-buttons-is-layout-flex\">\n<div class=\"wp-block-button is-style-outline is-style-outline--1\"><a class=\"wp-block-button__link has-primary-color has-light-blue-background-color has-text-color has-background\" href=\"https:\/\/www.collegemoneymethod.com\/es\/?page_id=1408\">Reservar un taller &gt;<\/a><\/div>\n<\/div>","protected":false},"excerpt":{"rendered":"<p>College Money Method offers workshops that cover critical topics in financial aid personalized to your family situation. Sign up for a workshop below. [events orderby=&#8221;event_start_date&#8221; [&hellip;]<\/p>","protected":false},"author":1,"featured_media":0,"parent":0,"menu_order":51,"comment_status":"closed","ping_status":"closed","template":"template-front-page.php","meta":{"_acf_changed":false,"footnotes":"","_links_to":"","_links_to_target":""},"categories":[],"tags":[],"class_list":["post-1870","page","type-page","status-publish","hentry"],"acf":[],"_links":{"self":[{"href":"https:\/\/www.collegemoneymethod.com\/es\/wp-json\/wp\/v2\/pages\/1870","targetHints":{"allow":["GET"]}}],"collection":[{"href":"https:\/\/www.collegemoneymethod.com\/es\/wp-json\/wp\/v2\/pages"}],"about":[{"href":"https:\/\/www.collegemoneymethod.com\/es\/wp-json\/wp\/v2\/types\/page"}],"author":[{"embeddable":true,"href":"https:\/\/www.collegemoneymethod.com\/es\/wp-json\/wp\/v2\/users\/1"}],"replies":[{"embeddable":true,"href":"https:\/\/www.collegemoneymethod.com\/es\/wp-json\/wp\/v2\/comments?post=1870"}],"version-history":[{"count":10,"href":"https:\/\/www.collegemoneymethod.com\/es\/wp-json\/wp\/v2\/pages\/1870\/revisions"}],"predecessor-version":[{"id":3006,"href":"https:\/\/www.collegemoneymethod.com\/es\/wp-json\/wp\/v2\/pages\/1870\/revisions\/3006"}],"wp:attachment":[{"href":"https:\/\/www.collegemoneymethod.com\/es\/wp-json\/wp\/v2\/media?parent=1870"}],"wp:term":[{"taxonomy":"category","embeddable":true,"href":"https:\/\/www.collegemoneymethod.com\/es\/wp-json\/wp\/v2\/categories?post=1870"},{"taxonomy":"post_tag","embeddable":true,"href":"https:\/\/www.collegemoneymethod.com\/es\/wp-json\/wp\/v2\/tags?post=1870"}],"curies":[{"name":"gracias","href":"https:\/\/api.w.org\/{rel}","templated":true}]}}