{"id":1938,"date":"2021-01-21T21:04:49","date_gmt":"2021-01-21T21:04:49","guid":{"rendered":"https:\/\/www.collegemoneymethod.com\/?page_id=1938"},"modified":"2025-10-29T13:29:22","modified_gmt":"2025-10-29T13:29:22","slug":"resources","status":"publish","type":"page","link":"https:\/\/www.collegemoneymethod.com\/es\/resources\/","title":{"rendered":"Recursos"},"content":{"rendered":"<div class=\"wp-block-getwid-section alignwide\"><div class=\"wp-block-getwid-section__wrapper getwid-align-items-tablet-flex-end getwid-align-items-mobile-flex-end getwid-reset-min-height-tablet getwid-reset-min-height-mobile\" style=\"min-height:250px\"><div class=\"wp-block-getwid-section__inner-wrapper\"><div class=\"wp-block-getwid-section__background-holder\"><div class=\"wp-block-getwid-section__background\" style=\"background-image:url('https:\/\/www.collegemoneymethod.com\/wp-content\/uploads\/2020\/09\/eye-for-ebony-jg_t3PBq5Jo-unsplash-scaled.jpg')\"><div class=\"wp-block-getwid-section__background-image-wrapper\"><img decoding=\"async\" class=\"wp-block-getwid-section__background-image\" src=\"https:\/\/www.collegemoneymethod.com\/wp-content\/uploads\/2020\/09\/eye-for-ebony-jg_t3PBq5Jo-unsplash-scaled.jpg\" alt=\"\"\/><\/div><\/div><div class=\"wp-block-getwid-section__foreground\"><\/div><\/div><div class=\"wp-block-getwid-section__content\"><div class=\"wp-block-getwid-section__inner-content\">\n<h1 class=\"wp-block-heading has-light-blue-color has-text-color\">Recursos<\/h1>\n<\/div><\/div><\/div><\/div><\/div>\n\n\n\n<h3 class=\"wp-block-heading has-primary-color has-text-color\">\u00bfBuscas informaci\u00f3n que te ayude a costear tu sue\u00f1o universitario?<\/h3>\n\n\n\n<h4 class=\"wp-block-heading\">Aqu\u00ed tienes recursos gratuitos para que puedas tener \u00e9xito en el proceso de ayuda financiera.<\/h4>\n\n\n\n<div class=\"wp-block-getwid-section getwid-section-content-full-width\"><div class=\"wp-block-getwid-section__wrapper\"><div class=\"wp-block-getwid-section__inner-wrapper\"><div class=\"wp-block-getwid-section__background-holder\"><div class=\"wp-block-getwid-section__background\"><\/div><div class=\"wp-block-getwid-section__foreground\"><\/div><\/div><div class=\"wp-block-getwid-section__content\"><div class=\"wp-block-getwid-section__inner-content\">\n<h4 class=\"wp-block-heading has-text-align-center has-primary-color has-light-blue-background-color has-text-color has-background\">Entender su elegibilidad para recibir ayuda basada en la necesidad<\/h4>\n\n\n\n<div class=\"wp-block-getwid-icon-box has-icon-left has-text-left\"><div class=\"wp-block-getwid-icon-box__icon-container has-layout-stacked is-position-middle\"><a href=\"https:\/\/www.collegemoneymethod.com\/es\/2024-25-student-aid-index-sai-calculator\/\" rel=\"https:\/\/www.collegemoneymethod.com\/2024-25-student-aid-index-sai-calculator\/\" class=\"wp-block-getwid-icon-box__icon-wrapper has-background has-light-blue-background-color has-text-color has-primary-color\" style=\"font-size:20px;border-radius:54%\"><i class=\"fas fa-calculator\"><\/i><\/a><\/div><div class=\"wp-block-getwid-icon-box__content\">\n<h4 class=\"wp-block-heading\"><a href=\"https:\/\/www.collegemoneymethod.com\/es\/2026-27-fafsa-student-aid-index-sai-calculator\/\">Calculadora del \u00edndice de ayuda estudiantil FAFSA 2026-27<\/a><\/h4>\n\n\n\n<p>Calcule su \u00edndice de ayuda estudiantil (SAI) de FAFSA 2025-25 en 3 pasos.<\/p>\n<\/div><\/div>\n\n\n\n<div class=\"wp-block-getwid-icon-box has-icon-left has-text-left\"><div class=\"wp-block-getwid-icon-box__icon-container has-layout-stacked is-position-middle\"><a href=\"https:\/\/www.collegemoneymethod.com\/es\/2024-25-student-aid-index-sai-calculator\/\" rel=\"https:\/\/www.collegemoneymethod.com\/2024-25-student-aid-index-sai-calculator\/\" class=\"wp-block-getwid-icon-box__icon-wrapper has-background has-light-blue-background-color has-text-color has-primary-color\" style=\"font-size:20px;border-radius:54%\"><i class=\"fas fa-hand-holding-heart\"><\/i><\/a><\/div><div class=\"wp-block-getwid-icon-box__content\">\n<h4 class=\"wp-block-heading\"><a href=\"https:\/\/www.collegemoneymethod.com\/es\/financial-aid-support-for-families-impacted-by-the-southern-california-fires\/\">Apoyo financiero para familias afectadas por los incendios del sur de California<\/a><\/h4>\n\n\n\n<p>V\u00eddeo y carta de solicitud de ayuda financiera para apoyar a las familias con estudiantes que cursan estudios universitarios en el \u00e1rea de Los \u00c1ngeles afectada por los incendios forestales de enero de 2025.<\/p>\n<\/div><\/div>\n<\/div><\/div><\/div><\/div><\/div>\n\n\n\n<div class=\"wp-block-getwid-section getwid-section-content-full-width\"><div class=\"wp-block-getwid-section__wrapper\"><div class=\"wp-block-getwid-section__inner-wrapper\"><div class=\"wp-block-getwid-section__background-holder\"><div class=\"wp-block-getwid-section__background\"><\/div><div class=\"wp-block-getwid-section__foreground\"><\/div><\/div><div class=\"wp-block-getwid-section__content\"><div class=\"wp-block-getwid-section__inner-content\">\n<h4 class=\"wp-block-heading has-text-align-center has-primary-color has-light-blue-background-color has-text-color has-background\">Solicitar ayuda financiera basada en la necesidad<\/h4>\n\n\n\n<div class=\"wp-block-getwid-icon-box has-icon-left has-text-left\"><div class=\"wp-block-getwid-icon-box__icon-container has-layout-stacked is-position-middle\"><a href=\"https:\/\/www.collegemoneymethod.com\/es\/how-to-create-your-fsa-id\/\" target=\"_blank\" rel=\"https:\/\/www.collegemoneymethod.com\/how-to-create-your-fsa-id\/ noopener\" class=\"wp-block-getwid-icon-box__icon-wrapper has-background has-light-blue-background-color has-text-color has-primary-color\" style=\"font-size:22px\"><i class=\"fas fa-video\"><\/i><\/a><\/div><div class=\"wp-block-getwid-icon-box__content\">\n<h5 class=\"wp-block-heading has-primary-color has-text-color\"><a rel=\"noreferrer noopener\" href=\"https:\/\/www.collegemoneymethod.com\/es\/how-to-create-your-fsa-id\/\" data-type=\"URL\" data-id=\"https:\/\/www.collegemoneymethod.com\/how-to-create-your-fsa-id\/\" target=\"_blank\">Gu\u00eda para crear su FSA ID<\/a><\/h5>\n\n\n\n<p>Inf\u00f3rmate sobre qui\u00e9n necesita crear una FSA ID. Mira un video de 5 minutos de Ayuda Federal para Estudiantes sobre c\u00f3mo crear tu FSA ID.<\/p>\n<\/div><\/div>\n\n\n\n<div class=\"wp-block-getwid-icon-box has-icon-left has-text-left\"><div class=\"wp-block-getwid-icon-box__icon-container has-layout-stacked is-position-middle\"><a href=\"https:\/\/www.collegemoneymethod.com\/es\/how-to-create-your-fsa-id\/\" target=\"_blank\" rel=\"https:\/\/www.collegemoneymethod.com\/how-to-create-your-fsa-id\/ noopener\" class=\"wp-block-getwid-icon-box__icon-wrapper has-background has-light-blue-background-color has-text-color has-primary-color\" style=\"font-size:22px\"><i class=\"fas fa-video\"><\/i><\/a><\/div><div class=\"wp-block-getwid-icon-box__content\">\n<h5 class=\"wp-block-heading has-primary-color has-text-color\">Tutorial de la FAFSA 2026-27<\/h5>\n\n\n\n<figure class=\"wp-block-embed is-type-video is-provider-youtube wp-block-embed-youtube wp-embed-aspect-16-9 wp-has-aspect-ratio\"><div class=\"wp-block-embed__wrapper\">\n<iframe title=\"Recorrido pantalla por pantalla de la FAFSA 2026-27\" width=\"1130\" height=\"636\" src=\"https:\/\/www.youtube.com\/embed\/kuGgUiowfFw?feature=oembed\" frameborder=\"0\" allow=\"accelerometer; autoplay; clipboard-write; encrypted-media; gyroscope; picture-in-picture; web-share\" referrerpolicy=\"strict-origin-when-cross-origin\" allowfullscreen><\/iframe>\n<\/div><\/figure>\n<\/div><\/div>\n\n\n\n<div class=\"wp-block-getwid-icon-box has-icon-left has-text-left\"><div class=\"wp-block-getwid-icon-box__icon-container has-layout-stacked is-position-middle\"><a href=\"https:\/\/www.collegemoneymethod.com\/es\/financial-aid-application-process-for-single-separated-or-divorced-parents\/\" target=\"_blank\" rel=\"https:\/\/www.collegemoneymethod.com\/financial-aid-application-process-for-single-separated-or-divorced-parents\/ noopener\" class=\"wp-block-getwid-icon-box__icon-wrapper has-background has-light-blue-background-color has-text-color has-primary-color\" style=\"font-size:20px\"><i class=\"far fa-file-alt\"><\/i><\/a><\/div><div class=\"wp-block-getwid-icon-box__content\">\n<h5 class=\"wp-block-heading has-primary-color has-text-color\"><a href=\"https:\/\/www.collegemoneymethod.com\/es\/financial-aid-application-process-for-single-separated-or-divorced-parents\/\" data-type=\"URL\" data-id=\"https:\/\/www.collegemoneymethod.com\/financial-aid-application-process-for-single-separated-or-divorced-parents\/\">Proceso de solicitud de ayuda financiera para padres solteros, separados o divorciados<\/a><\/h5>\n\n\n\n<p>Lea las reglas y requisitos para padres solteros, separados o divorciados que presentan la FAFSA y el Perfil CSS.<\/p>\n<\/div><\/div>\n<\/div><\/div><\/div><\/div><\/div>","protected":false},"excerpt":{"rendered":"<p>\u00bfBuscas informaci\u00f3n para ayudarte a costear tu sue\u00f1o universitario? Aqu\u00ed tienes recursos gratuitos para que puedas tener \u00e9xito en el proceso de ayuda financiera.<\/p>","protected":false},"author":1,"featured_media":0,"parent":0,"menu_order":52,"comment_status":"closed","ping_status":"closed","template":"template-front-page.php","meta":{"_acf_changed":false,"footnotes":"","_links_to":"","_links_to_target":""},"categories":[],"tags":[],"class_list":["post-1938","page","type-page","status-publish","hentry"],"acf":[],"_links":{"self":[{"href":"https:\/\/www.collegemoneymethod.com\/es\/wp-json\/wp\/v2\/pages\/1938","targetHints":{"allow":["GET"]}}],"collection":[{"href":"https:\/\/www.collegemoneymethod.com\/es\/wp-json\/wp\/v2\/pages"}],"about":[{"href":"https:\/\/www.collegemoneymethod.com\/es\/wp-json\/wp\/v2\/types\/page"}],"author":[{"embeddable":true,"href":"https:\/\/www.collegemoneymethod.com\/es\/wp-json\/wp\/v2\/users\/1"}],"replies":[{"embeddable":true,"href":"https:\/\/www.collegemoneymethod.com\/es\/wp-json\/wp\/v2\/comments?post=1938"}],"version-history":[{"count":21,"href":"https:\/\/www.collegemoneymethod.com\/es\/wp-json\/wp\/v2\/pages\/1938\/revisions"}],"predecessor-version":[{"id":12085,"href":"https:\/\/www.collegemoneymethod.com\/es\/wp-json\/wp\/v2\/pages\/1938\/revisions\/12085"}],"wp:attachment":[{"href":"https:\/\/www.collegemoneymethod.com\/es\/wp-json\/wp\/v2\/media?parent=1938"}],"wp:term":[{"taxonomy":"category","embeddable":true,"href":"https:\/\/www.collegemoneymethod.com\/es\/wp-json\/wp\/v2\/categories?post=1938"},{"taxonomy":"post_tag","embeddable":true,"href":"https:\/\/www.collegemoneymethod.com\/es\/wp-json\/wp\/v2\/tags?post=1938"}],"curies":[{"name":"gracias","href":"https:\/\/api.w.org\/{rel}","templated":true}]}}