{"id":2013,"date":"2021-04-05T15:58:08","date_gmt":"2021-04-05T15:58:08","guid":{"rendered":"https:\/\/www.collegemoneymethod.com\/?page_id=2013"},"modified":"2025-09-08T14:21:09","modified_gmt":"2025-09-08T14:21:09","slug":"counselor-resources","status":"publish","type":"page","link":"https:\/\/www.collegemoneymethod.com\/es\/counselor-resources\/","title":{"rendered":"Recursos para consejeros"},"content":{"rendered":"<div class=\"wp-block-getwid-section alignwide getwid-section-content-full-width\"><div class=\"wp-block-getwid-section__wrapper\" style=\"min-height:250px\"><div class=\"wp-block-getwid-section__inner-wrapper\"><div class=\"wp-block-getwid-section__background-holder\"><div class=\"wp-block-getwid-section__background\" style=\"background-image:url('https:\/\/www.collegemoneymethod.com\/wp-content\/uploads\/2021\/09\/Workshop-with-hands-scaled.jpeg')\"><div class=\"wp-block-getwid-section__background-image-wrapper\"><img decoding=\"async\" class=\"wp-block-getwid-section__background-image\" src=\"https:\/\/www.collegemoneymethod.com\/wp-content\/uploads\/2021\/09\/Workshop-with-hands-scaled.jpeg\" alt=\"\"\/><\/div><\/div><div class=\"wp-block-getwid-section__foreground\" style=\"opacity:0.61;background-color:#4f788d;mix-blend-mode:normal\"><\/div><\/div><div class=\"wp-block-getwid-section__content\"><div class=\"wp-block-getwid-section__inner-content\">\n<h2 class=\"wp-block-heading has-text-align-center has-light-blue-color has-text-color\">Recursos para consejeros<\/h2>\n<\/div><\/div><\/div><\/div><\/div>\n\n\n\n<hr class=\"wp-block-separator has-text-color has-primary-color has-css-opacity has-primary-background-color has-background is-style-wide\"\/>\n\n\n\n<div class=\"wp-block-getwid-image-box getwid-animation has-image-left has-text-center has-mobile-layout-column-reverse has-mobile-alignment-center\" data-animation=\"shake\"><div class=\"wp-block-getwid-image-box__image-container is-position-top\"><div class=\"wp-block-getwid-image-box__image-wrapper\"><img decoding=\"async\" width=\"150\" height=\"150\" src=\"https:\/\/www.collegemoneymethod.com\/wp-content\/uploads\/2022\/01\/The-Crunch-Logo-150x150.png\" class=\"wp-block-getwid-image-box__image wp-image-2335\" srcset=\"https:\/\/www.collegemoneymethod.com\/wp-content\/uploads\/2022\/01\/The-Crunch-Logo-150x150.png 150w, https:\/\/www.collegemoneymethod.com\/wp-content\/uploads\/2022\/01\/The-Crunch-Logo-300x300.png 300w, https:\/\/www.collegemoneymethod.com\/wp-content\/uploads\/2022\/01\/The-Crunch-Logo-1024x1024.png 1024w, https:\/\/www.collegemoneymethod.com\/wp-content\/uploads\/2022\/01\/The-Crunch-Logo-768x768.png 768w, https:\/\/www.collegemoneymethod.com\/wp-content\/uploads\/2022\/01\/The-Crunch-Logo-938x938.png 938w, https:\/\/www.collegemoneymethod.com\/wp-content\/uploads\/2022\/01\/The-Crunch-Logo.png 1080w\" sizes=\"(max-width: 150px) 100vw, 150px\" \/><\/div><\/div><div class=\"wp-block-getwid-image-box__content\">\n<h2 class=\"wp-block-heading has-primary-color has-text-color\">Anunciando <em>La crisis<\/em>!<\/h2>\n\n\n\n<h6 class=\"wp-block-heading has-primary-color has-text-color has-medium-font-size\">Un bolet\u00edn informativo sobre ayuda financiera para consejeros universitarios de secundaria<\/h6>\n<\/div><\/div>\n\n\n\n<p style=\"font-size:15px\"><strong><em>El<\/em> \u00ad\u00ad\u00ad\u00ad\u00ad\u00ad\u00ad\u00ad\u00ad\u00ad\u00ad\u00ad<em>Crisis del m\u00e9todo de financiaci\u00f3n universitaria<\/em><\/strong> Se centra en temas de ayuda financiera y noticias para ayudar a los consejeros a asesorar a los estudiantes y a las familias en un entorno cambiante.<em>.<\/em> Cada edici\u00f3n incluye la informaci\u00f3n m\u00e1s reciente, organizada por a\u00f1o de clase, con <em>f\u00e1cil de triturar<\/em> contenido, como videos explicativos, gr\u00e1ficos y art\u00edculos breves.<\/p>\n\n\n\n<h4 class=\"wp-block-heading has-text-align-center has-primary-color has-text-color\">Reg\u00edstrate hoy\u2026 <\/h4>\n\n\n\n<div class=\"wp-block-aweber-signupform-block-aweber-shortcode\"><!-- AWeber for WordPress v7.3.30 --><div class=\"AW-Form-732593980\"><\/div>\n                <script type=\"text\/javascript\">(function(d,s,id) {\n                    var js;\n                    var fjs = d.getElementsByTagName(s)[0];\n                    if (d.getElementById(id)) return; js = d.createElement(s);\n                    js.id = id; js.src = \"https:\/\/forms.aweber.com\/form\/80\/732593980.js\";\n                    fjs.parentNode.insertBefore(js, fjs);\n                    }(document, \"script\", \"aweber-wjs-1295339170\"));\n                <\/script><\/div>\n\n\n\n<h4 class=\"wp-block-heading has-text-align-center has-light-gray-color has-blue-background-color has-text-color has-background\">Aseg\u00farese de completar su registro a trav\u00e9s del correo electr\u00f3nico de confirmaci\u00f3n.<br>\u00a1Gracias!<\/h4>\n\n\n\n<h4 class=\"wp-block-heading has-text-align-center\">&gt;&gt; Haga clic <a href=\"https:\/\/archive.aweber.com\/newsletter\/awlist6202866\" target=\"_blank\" rel=\"noreferrer noopener\">aqu\u00ed<\/a> para n\u00fameros anteriores de <em>La crisis<\/em> Para ponerse al d\u00eda con las \u00faltimas novedades.<\/h4>\n\n\n\n<h4 class=\"wp-block-heading has-primary-color has-text-color\" id=\"202324-FAFSA\"><\/h4>\n\n\n\n<h5 class=\"wp-block-heading has-dark-blue-color has-text-color\"><\/h5>\n\n\n\n<div style=\"height:70px\" aria-hidden=\"true\" class=\"wp-block-spacer\"><\/div>\n\n\n\n<p><\/p>","protected":false},"excerpt":{"rendered":"<p>El M\u00e9todo de Financiamiento Universitario se centra en temas y noticias sobre ayuda financiera para ayudar a los consejeros a asesorar a estudiantes y familias en un entorno cambiante. Cada edici\u00f3n [\u2026]<\/p>","protected":false},"author":1,"featured_media":0,"parent":0,"menu_order":53,"comment_status":"closed","ping_status":"closed","template":"template-front-page.php","meta":{"_acf_changed":false,"footnotes":"","_links_to":"","_links_to_target":""},"categories":[],"tags":[],"class_list":["post-2013","page","type-page","status-publish","hentry"],"acf":[],"_links":{"self":[{"href":"https:\/\/www.collegemoneymethod.com\/es\/wp-json\/wp\/v2\/pages\/2013","targetHints":{"allow":["GET"]}}],"collection":[{"href":"https:\/\/www.collegemoneymethod.com\/es\/wp-json\/wp\/v2\/pages"}],"about":[{"href":"https:\/\/www.collegemoneymethod.com\/es\/wp-json\/wp\/v2\/types\/page"}],"author":[{"embeddable":true,"href":"https:\/\/www.collegemoneymethod.com\/es\/wp-json\/wp\/v2\/users\/1"}],"replies":[{"embeddable":true,"href":"https:\/\/www.collegemoneymethod.com\/es\/wp-json\/wp\/v2\/comments?post=2013"}],"version-history":[{"count":11,"href":"https:\/\/www.collegemoneymethod.com\/es\/wp-json\/wp\/v2\/pages\/2013\/revisions"}],"predecessor-version":[{"id":11713,"href":"https:\/\/www.collegemoneymethod.com\/es\/wp-json\/wp\/v2\/pages\/2013\/revisions\/11713"}],"wp:attachment":[{"href":"https:\/\/www.collegemoneymethod.com\/es\/wp-json\/wp\/v2\/media?parent=2013"}],"wp:term":[{"taxonomy":"category","embeddable":true,"href":"https:\/\/www.collegemoneymethod.com\/es\/wp-json\/wp\/v2\/categories?post=2013"},{"taxonomy":"post_tag","embeddable":true,"href":"https:\/\/www.collegemoneymethod.com\/es\/wp-json\/wp\/v2\/tags?post=2013"}],"curies":[{"name":"gracias","href":"https:\/\/api.w.org\/{rel}","templated":true}]}}