{"id":4057,"date":"2023-08-08T13:43:14","date_gmt":"2023-08-08T13:43:14","guid":{"rendered":"https:\/\/www.collegemoneymethod.com\/?page_id=4057"},"modified":"2023-09-18T14:51:31","modified_gmt":"2023-09-18T14:51:31","slug":"counselor-resource-center-for-the-new-fafsa","status":"publish","type":"page","link":"https:\/\/www.collegemoneymethod.com\/es\/counselor-resource-center-for-the-new-fafsa\/","title":{"rendered":"Centro de recursos para consejeros para la nueva FAFSA"},"content":{"rendered":"<div class=\"wp-block-getwid-advanced-spacer\" style=\"height:79px\" aria-hidden=\"true\"><\/div>\n\n\n\n<h2 class=\"wp-block-heading has-text-align-center\">M\u00e9todo del dinero para la universidad<br>Centro de recursos para consejeros para la nueva FAFSA<\/h2>\n\n\n<div class=\"wp-block-image is-style-default\">\n<figure class=\"aligncenter size-full\"><img fetchpriority=\"high\" decoding=\"async\" width=\"582\" height=\"285\" src=\"https:\/\/www.collegemoneymethod.com\/wp-content\/uploads\/2023\/08\/FAFSA-Welcome-Page-e1691495421441.png\" alt=\"\" class=\"wp-image-4059\" srcset=\"https:\/\/www.collegemoneymethod.com\/wp-content\/uploads\/2023\/08\/FAFSA-Welcome-Page-e1691495421441.png 582w, https:\/\/www.collegemoneymethod.com\/wp-content\/uploads\/2023\/08\/FAFSA-Welcome-Page-e1691495421441-300x147.png 300w, https:\/\/www.collegemoneymethod.com\/wp-content\/uploads\/2023\/08\/FAFSA-Welcome-Page-e1691495421441-150x73.png 150w\" sizes=\"(max-width: 582px) 100vw, 582px\" \/><\/figure>\n<\/div>\n\n\n<p class=\"has-text-align-center has-medium-font-size\">Bienvenido al Centro de recursos para consejeros para la nueva FAFSA. <\/p>\n\n\n\n<p>Estoy construyendo este centro para ayudarlo a obtener la informaci\u00f3n m\u00e1s actualizada sobre la FAFSA 2024-25 y guiarlo para apoyar a los estudiantes dependientes a trav\u00e9s de este nuevo proceso.<\/p>\n\n\n\n<p>Esta informaci\u00f3n se basa en m\u00faltiples fuentes, incluidas <a href=\"https:\/\/fsapartners.ed.gov\/knowledge-center\/library\/dear-colleague-letters\/2023-04-06\/live-internet-webinars-better-fafsa-better-future-webinar-series-june-july-2023-updated-july-11-2023\" target=\"_blank\" rel=\"noreferrer noopener\">Seminarios web de capacitaci\u00f3n de verano sobre la Ayuda Federal para Estudiantes (FSA)<\/a>, <a href=\"https:\/\/www.nasfaa.org\/conference\" target=\"_blank\" rel=\"noreferrer noopener\">Conferencia Nacional 2023 de la Asociaci\u00f3n Nacional de Administradores de Ayuda Financiera para Estudiantes (NASFAA)<\/a> y <a href=\"https:\/\/www.ncan.org\/news\/646648\/Summit-Brings-Attendees-Together-from-Across-the-Country-for-Better-FAFSA-Training.htm\" target=\"_blank\" rel=\"noreferrer noopener\">Cumbre de capacitaci\u00f3n de capacitadores de la Red Nacional de Logros Universitarios (NCAN) y la Ayuda Federal para Estudiantes (FSA).<\/a> Tambi\u00e9n utilizo la informaci\u00f3n m\u00e1s reciente publicada en <a href=\"https:\/\/fsapartners.ed.gov\/knowledge-center\" target=\"_blank\" rel=\"noreferrer noopener\">Centro de informaci\u00f3n sobre ayuda federal para estudiantes<\/a>.<\/p>\n\n\n\n<p>Tenga en cuenta tambi\u00e9n que el Departamento de Educaci\u00f3n contin\u00faa publicando nueva informaci\u00f3n y actualizando la existente. Yo seguir\u00e9 haciendo lo mismo. Es mi compromiso brindar la informaci\u00f3n m\u00e1s oportuna y precisa. Si tiene alguna pregunta sobre alguna orientaci\u00f3n espec\u00edfica o informaci\u00f3n que deba actualizarse, por favor... <a rel=\"noreferrer noopener\" href=\"https:\/\/www.collegemoneymethod.com\/es\/contact-me\/\" target=\"_blank\">Cont\u00e1ctame<\/a>.<\/p>\n\n\n\n<div class=\"wp-block-getwid-icon-box has-icon-left has-text-left\"><div class=\"wp-block-getwid-icon-box__icon-container has-layout-stacked is-position-middle\"><a href=\"https:\/\/www.collegemoneymethod.com\/es\/2024-25-student-aid-index-sai-calculator\/\" rel=\"https:\/\/www.collegemoneymethod.com\/2024-25-student-aid-index-sai-calculator\/\" class=\"wp-block-getwid-icon-box__icon-wrapper has-background has-light-blue-background-color has-text-color has-primary-color\" style=\"font-size:20px;border-radius:54%\"><i class=\"fas fa-calculator\"><\/i><\/a><\/div><div class=\"wp-block-getwid-icon-box__content\">\n<h4 class=\"wp-block-heading\"><a href=\"https:\/\/www.collegemoneymethod.com\/es\/2024-25-student-aid-index-sai-calculator\/\">Calculadora del \u00edndice de ayuda estudiantil 2024-25<\/a><\/h4>\n\n\n\n<p>Calcule estimaciones de su \u00cdndice de Ayuda Estudiantil (SAI) de FAFSA 2024-25 en 3 pasos.<\/p>\n<\/div><\/div>\n\n\n\n<div class=\"wp-block-group has-background\" style=\"background-color:#ebf7f7\"><div class=\"wp-block-group__inner-container is-layout-constrained wp-block-group-is-layout-constrained\">\n<h3 class=\"wp-block-heading has-primary-color has-text-color\" id=\"FAFSA-summary-sheet\">\u00bfEst\u00e1 buscando una gu\u00eda r\u00e1pida sobre los cambios claves de FAFSA?<\/h3>\n\n\n\n<p class=\"has-medium-font-size\">Descargar esto <a href=\"https:\/\/www.collegemoneymethod.com\/wp-content\/uploads\/2023\/09\/College-Money-Method-2024-25-FAFSA-Simplification-Summary-Sheet.pdf\" data-type=\"link\" data-id=\"https:\/\/www.collegemoneymethod.com\/wp-content\/uploads\/2023\/09\/College-Money-Method-2024-25-FAFSA-Simplification-Summary-Sheet.pdf\" target=\"_blank\" rel=\"noreferrer noopener\">Hoja de resumen de simplificaci\u00f3n de la FAFSA 2024-25<\/a> para obtener una comparaci\u00f3n lado a lado de los cambios clave en terminolog\u00eda, proceso y elegibilidad.<\/p>\n<\/div><\/div>\n\n\n\n<h3 class=\"wp-block-heading has-text-align-center\">Temas<\/h3>\n\n\n\n<p><br>Dada la cantidad de cambios tanto en los requisitos como en el proceso, he dividido esta informaci\u00f3n en \u00e1reas clave de cambio. Cada secci\u00f3n detalla las nuevas normas y requisitos, as\u00ed como un formato de preguntas y respuestas para responder a las preguntas que recibir\u00e1n de estudiantes y padres.<\/p>\n\n\n\n<div class=\"wp-block-group has-light-gray-background-color has-background\"><div class=\"wp-block-group__inner-container is-layout-constrained wp-block-group-is-layout-constrained\">\n<h5 class=\"wp-block-heading\"><a href=\"https:\/\/www.collegemoneymethod.com\/es\/federal-student-aid-fsa-id-required-for-every-fafsa-contributor\/\">Nuevo requisito para una identificaci\u00f3n de Ayuda Federal para Estudiantes (FSA)<\/a><\/h5>\n\n\n\n<p>Cada contribuyente a la FAFSA debe tener un FSA ID, incluso los padres que no tienen un N\u00famero de Seguro Social.<\/p>\n<\/div><\/div>\n\n\n\n<div class=\"wp-block-group has-light-gray-background-color has-background\"><div class=\"wp-block-group__inner-container is-layout-constrained wp-block-group-is-layout-constrained\">\n<h5 class=\"wp-block-heading\"><a href=\"https:\/\/www.collegemoneymethod.com\/es\/new-requirement-to-consent-to-share-federal-tax-information-fti\/\">Nuevo requisito para consentir compartir informaci\u00f3n fiscal federal<\/a><\/h5>\n\n\n\n<p>Cada contribuyente a la FAFSA debe dar su consentimiento para que el IRS comparta informaci\u00f3n fiscal federal, incluso los estudiantes o padres que no presentan declaraciones de impuestos en los EE. UU.<\/p>\n<\/div><\/div>\n\n\n\n<div class=\"wp-block-group has-light-gray-background-color has-background\"><div class=\"wp-block-group__inner-container is-layout-constrained wp-block-group-is-layout-constrained\">\n<h5 class=\"wp-block-heading\"><a href=\"https:\/\/www.collegemoneymethod.com\/es\/new-rules-for-single-separated-or-divorced-parents\/\">Nuevas reglas para padres solteros, separados o divorciados<\/a><\/h5>\n\n\n\n<p>Para las familias separadas o divorciadas, el padre \u201ccustodial\u201d es simplemente el padre que proporciona un mayor apoyo financiero.<\/p>\n<\/div><\/div>\n\n\n\n<div class=\"wp-block-group has-light-gray-background-color has-background\"><div class=\"wp-block-group__inner-container is-layout-constrained wp-block-group-is-layout-constrained\">\n<h5 class=\"wp-block-heading\"><a href=\"https:\/\/www.collegemoneymethod.com\/es\/changes-to-reporting-family-size\/\">Cambios en los informes sobre el tama\u00f1o de la familia<\/a><\/h5>\n\n\n\n<p>El tama\u00f1o de la familia se determinar\u00e1 seg\u00fan los dependientes en las declaraciones de impuestos de EE. UU.<\/p>\n<\/div><\/div>\n\n\n\n<div class=\"wp-block-group has-light-gray-background-color has-background\"><div class=\"wp-block-group__inner-container is-layout-constrained wp-block-group-is-layout-constrained\">\n<h5 class=\"wp-block-heading\"><a href=\"https:\/\/www.collegemoneymethod.com\/es\/changes-to-reporting-parent-and-student-income\/\">Cambios en la declaraci\u00f3n de ingresos de los padres<\/a><\/h5>\n\n\n\n<p>Los ingresos provendr\u00e1n directamente del IRS, eliminando muchas formas de ingresos no tributados.<\/p>\n<\/div><\/div>\n\n\n\n<div class=\"wp-block-group has-light-gray-background-color has-background\"><div class=\"wp-block-group__inner-container is-layout-constrained wp-block-group-is-layout-constrained\">\n<h5 class=\"wp-block-heading\"><a href=\"https:\/\/www.collegemoneymethod.com\/es\/changes-to-reporting-parent-assets\/\">Cambios en la informaci\u00f3n sobre los activos de los padres<\/a><\/h5>\n\n\n\n<p>Hay tres cambios significativos en la forma en que los padres declaran sus activos.<\/p>\n<\/div><\/div>\n\n\n\n<div class=\"wp-block-group has-light-gray-background-color has-background\"><div class=\"wp-block-group__inner-container is-layout-constrained wp-block-group-is-layout-constrained\">\n<h5 class=\"wp-block-heading\"><a href=\"https:\/\/www.collegemoneymethod.com\/es\/new-paths-to-excluding-parent-assets-from-eligibility-calculation\/\">Rutas para excluir los activos de los padres del c\u00e1lculo de elegibilidad<\/a><\/h5>\n\n\n\n<p>FAFSA ha revisado las reglas y ha creado tres caminos diferentes donde los padres ya no tendr\u00e1n que declarar activos.<\/p>\n<\/div><\/div>\n\n\n\n<div class=\"wp-block-group has-light-gray-background-color has-background\"><div class=\"wp-block-group__inner-container is-layout-constrained wp-block-group-is-layout-constrained\">\n<h3 class=\"wp-block-heading\">Nuevo: Demostraci\u00f3n de la solicitud FAFSA 2024-25 para la Ayuda Federal para Estudiantes<\/h3>\n\n\n\n<p>Vea este video de demostraci\u00f3n de la Ayuda Federal para Estudiantes sobre la experiencia de la FAFSA 2024-25 para un estudiante dependiente con padres casados. Puede navegar a secciones espec\u00edficas de la FAFSA usando los cap\u00edtulos en la cronolog\u00eda del video. <\/p>\n\n\n\n<figure class=\"wp-block-embed is-type-video is-provider-youtube wp-block-embed-youtube wp-embed-aspect-16-9 wp-has-aspect-ratio\"><div class=\"wp-block-embed__wrapper\">\n<iframe title=\"Demostraci\u00f3n y gu\u00eda del nuevo FAFSA 2024-25 de la Ayuda Federal para Estudiantes, realizada el 17 de agosto de 2023\" width=\"1130\" height=\"636\" src=\"https:\/\/www.youtube.com\/embed\/F3CxBRT7V8A?feature=oembed\" frameborder=\"0\" allow=\"accelerometer; autoplay; clipboard-write; encrypted-media; gyroscope; picture-in-picture; web-share\" allowfullscreen><\/iframe>\n<\/div><\/figure>\n<\/div><\/div>","protected":false},"excerpt":{"rendered":"<p>Centro de Recursos para Consejeros del M\u00e9todo de Financiamiento Universitario para la nueva FAFSA. Bienvenidos al Centro de Recursos para Consejeros para la nueva FAFSA. Estoy creando este centro para ayudar [\u2026]<\/p>","protected":false},"author":1,"featured_media":0,"parent":0,"menu_order":102,"comment_status":"closed","ping_status":"closed","template":"template-front-page.php","meta":{"_acf_changed":false,"footnotes":"","_links_to":"","_links_to_target":""},"categories":[],"tags":[],"class_list":["post-4057","page","type-page","status-publish","hentry"],"acf":[],"_links":{"self":[{"href":"https:\/\/www.collegemoneymethod.com\/es\/wp-json\/wp\/v2\/pages\/4057","targetHints":{"allow":["GET"]}}],"collection":[{"href":"https:\/\/www.collegemoneymethod.com\/es\/wp-json\/wp\/v2\/pages"}],"about":[{"href":"https:\/\/www.collegemoneymethod.com\/es\/wp-json\/wp\/v2\/types\/page"}],"author":[{"embeddable":true,"href":"https:\/\/www.collegemoneymethod.com\/es\/wp-json\/wp\/v2\/users\/1"}],"replies":[{"embeddable":true,"href":"https:\/\/www.collegemoneymethod.com\/es\/wp-json\/wp\/v2\/comments?post=4057"}],"version-history":[{"count":9,"href":"https:\/\/www.collegemoneymethod.com\/es\/wp-json\/wp\/v2\/pages\/4057\/revisions"}],"predecessor-version":[{"id":4748,"href":"https:\/\/www.collegemoneymethod.com\/es\/wp-json\/wp\/v2\/pages\/4057\/revisions\/4748"}],"wp:attachment":[{"href":"https:\/\/www.collegemoneymethod.com\/es\/wp-json\/wp\/v2\/media?parent=4057"}],"wp:term":[{"taxonomy":"category","embeddable":true,"href":"https:\/\/www.collegemoneymethod.com\/es\/wp-json\/wp\/v2\/categories?post=4057"},{"taxonomy":"post_tag","embeddable":true,"href":"https:\/\/www.collegemoneymethod.com\/es\/wp-json\/wp\/v2\/tags?post=4057"}],"curies":[{"name":"gracias","href":"https:\/\/api.w.org\/{rel}","templated":true}]}}